{"id":2,"date":"2023-06-20T00:00:04","date_gmt":"2023-06-20T03:00:04","guid":{"rendered":"http:\/\/aparecidadorionegro.seleciona.me\/?page_id=2"},"modified":"2023-06-28T17:55:31","modified_gmt":"2023-06-28T20:55:31","slug":"pagina-exemplo","status":"publish","type":"page","link":"https:\/\/aparecidadorionegro.seleciona.me\/?page_id=2","title":{"rendered":"Inscri\u00e7\u00f5es"},"content":{"rendered":"\n<p>As inscri\u00e7\u00f5es est\u00e3o abertas no per\u00edodo de\u00a0<strong>21 de junho de 2023 <\/strong><mark style=\"background-color:rgba(0, 0, 0, 0)\" class=\"has-inline-color has-orange-color\">prorrogado at\u00e9<\/mark><strong> 29 de junho de 2023<\/strong>, conforme cronograma informado no edital 03\/2023.<\/p>\n\n\n\n<p>Leia o edital, baixe o modelo para a proposta de Plano de Trabalho e os modelos de declara\u00e7\u00f5es no fim desta p\u00e1gina.<\/p>\n\n\n\n<p>Fa\u00e7a a sua inscri\u00e7\u00e3o neste processo seletivo por este link:\u00a0<a href=\"https:\/\/forms.gle\/ihS6F9rUn7oQqxqR6\" data-type=\"URL\" data-id=\"https:\/\/forms.gle\/ihS6F9rUn7oQqxqR6\" target=\"_blank\" rel=\"noreferrer noopener\">Formul\u00e1rio de Inscri\u00e7\u00e3o<\/a>.<\/p>\n\n\n\n<p>[Modelo] Plano de trabalho<\/p>\n\n\n\n<p>[Modelo] Declara\u00e7\u00e3o de n\u00e3o ter condena\u00e7\u00e3o penal<\/p>\n\n\n\n<p>[Modelo] Declara\u00e7\u00e3o de n\u00e3o ter condena\u00e7\u00e3o em processo administrativo<\/p>\n\n\n\n<p>[Modelo] Declara\u00e7\u00e3o de conclus\u00e3o do est\u00e1gio probat\u00f3rio<\/p>\n\n\n\n<div class=\"wp-block-file\"><object class=\"wp-block-file__embed\" data=\"http:\/\/aparecidadorionegro.seleciona.me\/wp-content\/uploads\/2023\/06\/Edital-Selecao-de-Diretores-Escolares-Aparecida-do-Rio-Negro-Revisado.pdf\" type=\"application\/pdf\" style=\"width:100%;height:600px\" aria-label=\"Embed of Edital Sele\u00e7\u00e3o de Diretores Escolares - Aparecida do Rio Negro - Revisado.\"><\/object><a id=\"wp-block-file--media-30d8e27e-7ed8-4fe5-935d-f0262bf6079e\" href=\"http:\/\/aparecidadorionegro.seleciona.me\/wp-content\/uploads\/2023\/06\/Edital-Selecao-de-Diretores-Escolares-Aparecida-do-Rio-Negro-Revisado.pdf\">Edital Sele\u00e7\u00e3o de Diretores Escolares &#8211; Aparecida do Rio Negro &#8211; Revisado<\/a><a href=\"http:\/\/aparecidadorionegro.seleciona.me\/wp-content\/uploads\/2023\/06\/Edital-Selecao-de-Diretores-Escolares-Aparecida-do-Rio-Negro-Revisado.pdf\" class=\"wp-block-file__button wp-element-button\" download aria-describedby=\"wp-block-file--media-30d8e27e-7ed8-4fe5-935d-f0262bf6079e\">Baixar<\/a><\/div>\n","protected":false},"excerpt":{"rendered":"<p>As inscri\u00e7\u00f5es est\u00e3o abertas no per\u00edodo de\u00a021 de junho de 2023 prorrogado at\u00e9 29 de junho de 2023, conforme cronograma informado no edital 03\/2023. Leia o edital, baixe o modelo para a proposta de Plano de Trabalho e os modelos de declara\u00e7\u00f5es no fim desta p\u00e1gina. Fa\u00e7a a sua inscri\u00e7\u00e3o [&hellip;]<\/p>\n","protected":false},"author":1,"featured_media":0,"parent":0,"menu_order":0,"comment_status":"closed","ping_status":"closed","template":"","meta":[],"_links":{"self":[{"href":"https:\/\/aparecidadorionegro.seleciona.me\/index.php?rest_route=\/wp\/v2\/pages\/2"}],"collection":[{"href":"https:\/\/aparecidadorionegro.seleciona.me\/index.php?rest_route=\/wp\/v2\/pages"}],"about":[{"href":"https:\/\/aparecidadorionegro.seleciona.me\/index.php?rest_route=\/wp\/v2\/types\/page"}],"author":[{"embeddable":true,"href":"https:\/\/aparecidadorionegro.seleciona.me\/index.php?rest_route=\/wp\/v2\/users\/1"}],"replies":[{"embeddable":true,"href":"https:\/\/aparecidadorionegro.seleciona.me\/index.php?rest_route=%2Fwp%2Fv2%2Fcomments&post=2"}],"version-history":[{"count":5,"href":"https:\/\/aparecidadorionegro.seleciona.me\/index.php?rest_route=\/wp\/v2\/pages\/2\/revisions"}],"predecessor-version":[{"id":43,"href":"https:\/\/aparecidadorionegro.seleciona.me\/index.php?rest_route=\/wp\/v2\/pages\/2\/revisions\/43"}],"wp:attachment":[{"href":"https:\/\/aparecidadorionegro.seleciona.me\/index.php?rest_route=%2Fwp%2Fv2%2Fmedia&parent=2"}],"curies":[{"name":"wp","href":"https:\/\/api.w.org\/{rel}","templated":true}]}}